{"id":63,"date":"2023-11-01T23:14:35","date_gmt":"2023-11-01T23:14:35","guid":{"rendered":"https:\/\/www.przebudzenie.org\/?page_id=63"},"modified":"2023-11-01T23:14:35","modified_gmt":"2023-11-01T23:14:35","slug":"lista-cech","status":"publish","type":"page","link":"https:\/\/www.przebudzenie.org\/index.php\/lista-cech\/","title":{"rendered":"Lista cech"},"content":{"rendered":"<p>DOROS\u0141E DZIECI ALKOHOLIK\u00d3W:<\/p>\n<ul>\n<li>zgaduj\u0105 co jest normalne,<\/li>\n<li>maj\u0105 trudno\u015bci z przeprowadzeniem swoich zamiar\u00f3w od pocz\u0105tku do ko\u0144ca,<\/li>\n<li>k\u0142ami\u0105, gdy r\u00f3wnie dobrze mog\u0142yby powiedzie\u0107 prawd\u0119,<\/li>\n<li>os\u0105dzaj\u0105 siebie bezlito\u015bnie,<\/li>\n<li>maj\u0105 k\u0142opoty z prze\u017cywaniem rado\u015bci i z zabaw\u0105,<\/li>\n<li>traktuj\u0105 siebie bardzo powa\u017cnie,<\/li>\n<li>maj\u0105 trudno\u015bci z nawi\u0105zywaniem bliskich kontakt\u00f3w,<\/li>\n<li>przesadnie reaguj\u0105 na zmiany, na kt\u00f3re nie maj\u0105 wp\u0142ywu,<\/li>\n<li>bezustannie poszukuj\u0105 potwierdzenia i uznania,<\/li>\n<li>my\u015bl\u0105, \u017ce r\u00f3\u017cni\u0105 si\u0119 od wszystkich innych,<\/li>\n<li>s\u0105 albo nadmiernie odpowiedzialne albo ca\u0142kowicie nieodpowiedzialne,<\/li>\n<li>s\u0105 niezwykle lojalne nawet w obliczu dowod\u00f3w, \u017ce druga strona na to nie zas\u0142uguje,<\/li>\n<li>ulegaj\u0105 impulsom,<\/li>\n<li>czuj\u0105 si\u0119 winne staj\u0105c w obronie w\u0142asnych potrzeb,<\/li>\n<li>czuj\u0105 strach przed lud\u017ami, a zw\u0142aszcza przed wszelkiego rodzaju w\u0142adz\u0105 i zwierzchnikami,<\/li>\n<li>czuj\u0105 strach przed cudzym gniewem i awanturami,<\/li>\n<li>lubi\u0105 zachowywa\u0107 si\u0119 jak ofiary,<\/li>\n<li>bardzo boj\u0105 si\u0119 porzucenia i utraty,<\/li>\n<\/ul>\n","protected":false},"excerpt":{"rendered":"<p>DOROS\u0141E DZIECI ALKOHOLIK\u00d3W: zgaduj\u0105 co jest normalne, maj\u0105 trudno\u015bci z przeprowadzeniem swoich zamiar\u00f3w od pocz\u0105tku do ko\u0144ca, k\u0142ami\u0105, gdy r\u00f3wnie dobrze mog\u0142yby powiedzie\u0107 prawd\u0119, os\u0105dzaj\u0105 siebie bezlito\u015bnie, maj\u0105 k\u0142opoty z prze\u017cywaniem rado\u015bci i z zabaw\u0105, traktuj\u0105 siebie bardzo powa\u017cnie, maj\u0105 trudno\u015bci z nawi\u0105zywaniem bliskich kontakt\u00f3w, przesadnie reaguj\u0105 na zmiany, na kt\u00f3re nie maj\u0105 wp\u0142ywu, bezustannie&#8230;<\/p>\n","protected":false},"author":1,"featured_media":0,"parent":0,"menu_order":0,"comment_status":"closed","ping_status":"closed","template":"","meta":{"_kadence_starter_templates_imported_post":false,"_kad_post_transparent":"","_kad_post_title":"","_kad_post_layout":"","_kad_post_sidebar_id":"","_kad_post_content_style":"","_kad_post_vertical_padding":"","_kad_post_feature":"","_kad_post_feature_position":"","_kad_post_header":false,"_kad_post_footer":false,"footnotes":""},"class_list":["post-63","page","type-page","status-publish","hentry"],"_links":{"self":[{"href":"https:\/\/www.przebudzenie.org\/index.php\/wp-json\/wp\/v2\/pages\/63","targetHints":{"allow":["GET"]}}],"collection":[{"href":"https:\/\/www.przebudzenie.org\/index.php\/wp-json\/wp\/v2\/pages"}],"about":[{"href":"https:\/\/www.przebudzenie.org\/index.php\/wp-json\/wp\/v2\/types\/page"}],"author":[{"embeddable":true,"href":"https:\/\/www.przebudzenie.org\/index.php\/wp-json\/wp\/v2\/users\/1"}],"replies":[{"embeddable":true,"href":"https:\/\/www.przebudzenie.org\/index.php\/wp-json\/wp\/v2\/comments?post=63"}],"version-history":[{"count":1,"href":"https:\/\/www.przebudzenie.org\/index.php\/wp-json\/wp\/v2\/pages\/63\/revisions"}],"predecessor-version":[{"id":65,"href":"https:\/\/www.przebudzenie.org\/index.php\/wp-json\/wp\/v2\/pages\/63\/revisions\/65"}],"wp:attachment":[{"href":"https:\/\/www.przebudzenie.org\/index.php\/wp-json\/wp\/v2\/media?parent=63"}],"curies":[{"name":"wp","href":"https:\/\/api.w.org\/{rel}","templated":true}]}}