{"id":60,"date":"2023-11-01T23:12:45","date_gmt":"2023-11-01T23:12:45","guid":{"rendered":"https:\/\/www.przebudzenie.org\/?page_id=60"},"modified":"2023-11-01T23:12:45","modified_gmt":"2023-11-01T23:12:45","slug":"12-tradycji-dda","status":"publish","type":"page","link":"https:\/\/www.przebudzenie.org\/index.php\/12-tradycji-dda\/","title":{"rendered":"12 Tradycji DDA"},"content":{"rendered":"<ol>\n<li>Nasze wsp\u00f3lne dobro powinno by\u0107 najwa\u017cniejsze; uzdrowienie ka\u017cdego z nas zale\u017cy od jedno\u015bci wsp\u00f3lnoty DDA.<\/li>\n<li>Jedynym autorytetem w naszej wsp\u00f3lnocie jest mi\u0142uj\u0105cy B\u00f3g, wyra\u017caj\u0105cy si\u0119 w sumieniu naszej grupy. Nasi liderzy s\u0105 jedynie zaufanymi s\u0142ugami, oni nami nie rz\u0105dz\u0105.<\/li>\n<li>Jedynym warunkiem cz\u0142onkostwa w DDA jest pragnienie uzdrowienia ze skutk\u00f3w dorastania w rodzinie alkoholowej lub innej rodzinie dysfunkcyjnej.<\/li>\n<li>Ka\u017cda grupa jest niezale\u017cna, z wyj\u0105tkiem spraw maj\u0105cych wp\u0142yw na inne grupy lub DDA jako ca\u0142o\u015b\u0107. Wsp\u00f3\u0142pracujemy ze wszystkimi innymi programami Dwunastu Krok\u00f3w.<\/li>\n<li>Ka\u017cda grupa ma jeden g\u0142\u00f3wny cel &#8211; nie\u015b\u0107 pos\u0142anie doros\u0142emu dziecku, kt\u00f3re jeszcze cierpi.<\/li>\n<li>Grupa DDA nigdy nie powinna popiera\u0107, finansowa\u0107 ani u\u017cycza\u0107 nazwy DDA \u017cadnym pokrewnym o\u015brodkom, ani zewn\u0119trznym przedsi\u0119wzi\u0119ciom, a\u017ceby problemy finansowe, maj\u0105tkowe lub sprawy ambicjonalne nie odrywa\u0142y nas od g\u0142\u00f3wnego celu.<\/li>\n<li>Ka\u017cda grupa DDA powinna by\u0107 samowystarczalna i nie powinna przyjmowa\u0107 dotacji z zewn\u0105trz.<\/li>\n<li>Dzia\u0142alno\u015b\u0107 we wsp\u00f3lnocie Doros\u0142ych Dzieci Alkoholik\u00f3w nigdy nie powinna \u0142\u0105czy\u0107 si\u0119 z dzia\u0142alno\u015bci\u0105 zawodow\u0105; jednak s\u0142u\u017cby centralne mog\u0105 zatrudnia\u0107 pracownik\u00f3w specjalnych.<\/li>\n<li>DDA nie powinno nigdy sta\u0107 si\u0119 formaln\u0105 organizacj\u0105; mo\u017cemy jednak tworzy\u0107 oficjalne rady i komisje bezpo\u015brednio odpowiedzialne wobec tych, kt\u00f3rym s\u0142u\u017c\u0105.<\/li>\n<li>Wsp\u00f3lnota Doros\u0142ych Dzieci Alkoholik\u00f3w nie zajmuje stanowiska w kwestiach zewn\u0119trznych, a\u017ceby imi\u0119 DDA nigdy nie zosta\u0142o uwik\u0142ane w publiczne kontrowersje.<\/li>\n<li>Nasze oddzia\u0142ywanie na zewn\u0105trz opiera si\u0119 na przyci\u0105ganiu, a nie na reklamowaniu; zachowujemy osobist\u0105 anonimowo\u015b\u0107 wobec prasy, radia, telewizji, filmu oraz medi\u00f3w spo\u0142eczno\u015bciowych.<\/li>\n<li>Anonimowo\u015b\u0107 stanowi podstaw\u0119 duchow\u0105 wszystkich naszych Tradycji, przypominaj\u0105c nam o pierwsze\u0144stwie zasad przed osobistymi ambicjami.<\/li>\n<\/ol>\n","protected":false},"excerpt":{"rendered":"<p>Nasze wsp\u00f3lne dobro powinno by\u0107 najwa\u017cniejsze; uzdrowienie ka\u017cdego z nas zale\u017cy od jedno\u015bci wsp\u00f3lnoty DDA. Jedynym autorytetem w naszej wsp\u00f3lnocie jest mi\u0142uj\u0105cy B\u00f3g, wyra\u017caj\u0105cy si\u0119 w sumieniu naszej grupy. Nasi liderzy s\u0105 jedynie zaufanymi s\u0142ugami, oni nami nie rz\u0105dz\u0105. Jedynym warunkiem cz\u0142onkostwa w DDA jest pragnienie uzdrowienia ze skutk\u00f3w dorastania w rodzinie alkoholowej lub innej&#8230;<\/p>\n","protected":false},"author":1,"featured_media":0,"parent":0,"menu_order":0,"comment_status":"closed","ping_status":"closed","template":"","meta":{"_kadence_starter_templates_imported_post":false,"_kad_post_transparent":"","_kad_post_title":"","_kad_post_layout":"","_kad_post_sidebar_id":"","_kad_post_content_style":"","_kad_post_vertical_padding":"","_kad_post_feature":"","_kad_post_feature_position":"","_kad_post_header":false,"_kad_post_footer":false,"footnotes":""},"class_list":["post-60","page","type-page","status-publish","hentry"],"_links":{"self":[{"href":"https:\/\/www.przebudzenie.org\/index.php\/wp-json\/wp\/v2\/pages\/60","targetHints":{"allow":["GET"]}}],"collection":[{"href":"https:\/\/www.przebudzenie.org\/index.php\/wp-json\/wp\/v2\/pages"}],"about":[{"href":"https:\/\/www.przebudzenie.org\/index.php\/wp-json\/wp\/v2\/types\/page"}],"author":[{"embeddable":true,"href":"https:\/\/www.przebudzenie.org\/index.php\/wp-json\/wp\/v2\/users\/1"}],"replies":[{"embeddable":true,"href":"https:\/\/www.przebudzenie.org\/index.php\/wp-json\/wp\/v2\/comments?post=60"}],"version-history":[{"count":1,"href":"https:\/\/www.przebudzenie.org\/index.php\/wp-json\/wp\/v2\/pages\/60\/revisions"}],"predecessor-version":[{"id":62,"href":"https:\/\/www.przebudzenie.org\/index.php\/wp-json\/wp\/v2\/pages\/60\/revisions\/62"}],"wp:attachment":[{"href":"https:\/\/www.przebudzenie.org\/index.php\/wp-json\/wp\/v2\/media?parent=60"}],"curies":[{"name":"wp","href":"https:\/\/api.w.org\/{rel}","templated":true}]}}